{"id":254,"date":"2026-01-22T20:23:12","date_gmt":"2026-01-22T20:23:12","guid":{"rendered":"http:\/\/localhost\/Ynze\/?page_id=254"},"modified":"2026-01-22T20:27:29","modified_gmt":"2026-01-22T20:27:29","slug":"de-makkumer-visserstrui","status":"publish","type":"page","link":"https:\/\/ynze-fashion.nl\/index.php\/de-makkumer-visserstrui\/","title":{"rendered":"De Makkumer visserstrui"},"content":{"rendered":"\n<p>De Makkumer visserstrui.<\/p>\n\n\n\n<p>De Makkumer visserstrui is een verhaal op zich. Lange tijd werd beweerd dat deze trui niet bestond. Na onderzoek is de Makkumer visserstrui echter na 120 jaar alsnog boven water gekomen. Dit onderzoek is tot stand gekomen in samenwerking met Stichting \u00e2ld Makkum.<\/p>\n\n\n\n<p>Midden september 2025 kreeg Jaap Hoeksema het impulsieve idee om op zoek te gaan naar de visserstrui van Makkumer bodem.<\/p>\n\n\n\n<p>Met deze vraag klopte Jaap aan bij Otto Gielstra van Stichting \u00e2ld Makkum. Otto staat bekend als het wandelende historische archief van Makkum en zou ongetwijfeld een antwoord hebben.<\/p>\n\n\n\n<p>Otto was echter stellig: er bestond volgens hem geen bewijs van een Makkumer visserstrui. Verschillende mensen hadden al eerder naar deze trui gezocht, zonder resultaat. Otto vertelde daarbij dat er pas rond Makkum werd gevist v\u00f3\u00f3r de afsluiting van de Zuiderzee. Vissers uit Lemmer, Wieringen en Urk kwamen destijds naar Makkum voor de haringvisserij.<\/p>\n\n\n\n<p>Otto en Jaap kwamen tot het inzicht dat de Lemster visserstrui mogelijk een verband kon hebben met een Makkumer variant. Jaap zag hierin een mogelijkheid om vanuit deze trui een verbastering te cre\u00ebren die als Makkumer visserstrui zou kunnen gelden.<\/p>\n\n\n\n<p>Tijdens zijn zoektocht stuitte Jaap op het boek Visserstruien verzameld van Stella Ruhe. Hierin zou de Lemster visserstrui ongetwijfeld beschreven zijn. Via de bibliotheek van Makkum wist hij het boek te bemachtigen.<\/p>\n\n\n\n<p>Op 26 september 2025 nam Jaap het boek in zijn atelier grondig door. De Lemster visserstrui werd hierin in drie varianten afgebeeld. Toch bood dit nog niet het definitieve antwoord, waardoor Jaap verder bladerde.<\/p>\n\n\n\n<p>Bij de pagina over de Terschellinger visserstrui viel iets op: het dorp Makkum werd hier expliciet vermeld. De Terschellinger trui is een Engelse trui met een godsoog in het midden. Deze trui werd waarschijnlijk machinaal gebreid en gedragen door vissers uit Terschelling, Gaast, Workum \u00e9n Makkum.<\/p>\n\n\n\n<p>Vol enthousiasme ging Jaap direct naar Otto\u2019s kantoor in De Waag.<\/p>\n\n\n\n<p>\u201cIk heb beet!\u201d was het eerste wat hij zei bij binnenkomst. Hij liet Otto de pagina zien en wees op het citaat waarin Makkum werd genoemd.<\/p>\n\n\n\n<p>Otto verklaarde dat Makkumers door hun scheepsbouw veel boten leverden aan Terschellingers. Mogelijk lag daar de link.<\/p>\n\n\n\n<p>Nieuwe Makkumer historie! Dat verdiende op zijn minst een kop koffie en een stroopwafel. Tijdens de koffie bladerden Otto en Jaap samen verder door het boek: langs de Lemster visserstruien en die van Urk, Hindeloopen, Molkwerum en andere plaatsen.<\/p>\n\n\n\n<p>Bij de Molkwerder visserstrui herkende Otto plots iets. De afgebeelde foto kwam hem bekend voor en hij legde een verband met de loggervaart. Makkumers vormden tussen 1890 en 1920 de grootste groep bemanningsleden in deze vaart. Ongeveer tachtig Makkumers voeren in die periode op loggerboten.<\/p>\n\n\n\n<p>Op een foto uit 1905, genomen in Vlaardingen, werd \u00e9\u00e9n man uitgelicht. Deze man droeg de zogenoemde Molkwerder trui. Otto haalde de originele foto uit zijn archief. Exact dezelfde foto als in het boek lag nu voor hen. De namen van de afgebeelde personen waren bekend: twee mannen uit Urk, een kapitein uit Vlaardingen en drie Makkumers.<\/p>\n\n\n\n<p>De man die in het boek centraal stond, bleek volgens Otto Ynze Blom te zijn \u2014 geboren, getogen en overleden in Makkum. Dit vormde een opmerkelijke wending in het verhaal. Otto had hier zelf geen verklaring voor.<\/p>\n\n\n\n<p>Met een dubbel gevoel verliet Jaap het kantoor. Twee verschillende truien leken nu in beeld. Op zichzelf veelbelovend, maar nog altijd ontbrak een concreet bewijs. Verdere verdieping was noodzakelijk.<\/p>\n\n\n\n<p>Na diverse telefoongesprekken en e-mails kwam er duidelijkheid. Op 6 oktober 2025 werd vastgesteld dat het enige bewijs van de zogenoemde Molkwerder trui het feit is dat deze gedragen werd door Ynze Blom.<\/p>\n\n\n\n<p>Er bestaan twee foto\u2019s van Ynze met deze trui: \u00e9\u00e9n uit Vlaardingen (1905) en \u00e9\u00e9n uit 1910, waarop hij poseert bij de reddingsbrigade van Hindeloopen. Meer beeld- of bronmateriaal is er niet.<\/p>\n\n\n\n<figure class=\"wp-block-image aligncenter size-large\"><img loading=\"lazy\" decoding=\"async\" width=\"700\" height=\"1024\" src=\"http:\/\/localhost\/Ynze\/wp-content\/uploads\/2026\/01\/IMG-20260116-WA0009-700x1024.jpg\" alt=\"\" class=\"wp-image-262\" srcset=\"https:\/\/ynze-fashion.nl\/wp-content\/uploads\/2026\/01\/IMG-20260116-WA0009-700x1024.jpg 700w, https:\/\/ynze-fashion.nl\/wp-content\/uploads\/2026\/01\/IMG-20260116-WA0009-205x300.jpg 205w, https:\/\/ynze-fashion.nl\/wp-content\/uploads\/2026\/01\/IMG-20260116-WA0009-768x1123.jpg 768w, https:\/\/ynze-fashion.nl\/wp-content\/uploads\/2026\/01\/IMG-20260116-WA0009-1050x1536.jpg 1050w, https:\/\/ynze-fashion.nl\/wp-content\/uploads\/2026\/01\/IMG-20260116-WA0009-600x878.jpg 600w, https:\/\/ynze-fashion.nl\/wp-content\/uploads\/2026\/01\/IMG-20260116-WA0009.jpg 1094w\" sizes=\"auto, (max-width: 700px) 100vw, 700px\" \/><\/figure>\n\n\n\n<figure class=\"wp-block-image aligncenter size-large\"><img loading=\"lazy\" decoding=\"async\" width=\"700\" height=\"1024\" src=\"http:\/\/localhost\/Ynze\/wp-content\/uploads\/2026\/01\/IMG-20260116-WA0010-700x1024.jpg\" alt=\"\" class=\"wp-image-259\" srcset=\"https:\/\/ynze-fashion.nl\/wp-content\/uploads\/2026\/01\/IMG-20260116-WA0010-700x1024.jpg 700w, https:\/\/ynze-fashion.nl\/wp-content\/uploads\/2026\/01\/IMG-20260116-WA0010-205x300.jpg 205w, https:\/\/ynze-fashion.nl\/wp-content\/uploads\/2026\/01\/IMG-20260116-WA0010-768x1123.jpg 768w, https:\/\/ynze-fashion.nl\/wp-content\/uploads\/2026\/01\/IMG-20260116-WA0010-1050x1536.jpg 1050w, https:\/\/ynze-fashion.nl\/wp-content\/uploads\/2026\/01\/IMG-20260116-WA0010-600x878.jpg 600w, https:\/\/ynze-fashion.nl\/wp-content\/uploads\/2026\/01\/IMG-20260116-WA0010.jpg 1094w\" sizes=\"auto, (max-width: 700px) 100vw, 700px\" \/><\/figure>\n","protected":false},"excerpt":{"rendered":"<p>De Makkumer visserstrui. De Makkumer visserstrui is een verhaal op zich. Lange tijd werd beweerd dat deze trui niet bestond. Na onderzoek is de Makkumer visserstrui echter na 120 jaar alsnog boven water gekomen. Dit onderzoek is tot stand gekomen in samenwerking met Stichting \u00e2ld Makkum. Midden september 2025 kreeg Jaap Hoeksema het impulsieve idee [&hellip;]<\/p>\n","protected":false},"author":1,"featured_media":0,"parent":0,"menu_order":0,"comment_status":"closed","ping_status":"closed","template":"","meta":{"footnotes":""},"class_list":["post-254","page","type-page","status-publish","hentry"],"yoast_head":"<!-- This site is optimized with the Yoast SEO plugin v27.2 - https:\/\/yoast.com\/product\/yoast-seo-wordpress\/ -->\n<title>De Makkumer visserstrui - Ynze Fashion<\/title>\n<meta name=\"robots\" content=\"index, follow, max-snippet:-1, max-image-preview:large, max-video-preview:-1\" \/>\n<link rel=\"canonical\" href=\"https:\/\/ynze-fashion.nl\/index.php\/de-makkumer-visserstrui\/\" \/>\n<meta property=\"og:locale\" content=\"nl_NL\" \/>\n<meta property=\"og:type\" content=\"article\" \/>\n<meta property=\"og:title\" content=\"De Makkumer visserstrui - Ynze Fashion\" \/>\n<meta property=\"og:description\" content=\"De Makkumer visserstrui. De Makkumer visserstrui is een verhaal op zich. Lange tijd werd beweerd dat deze trui niet bestond. Na onderzoek is de Makkumer visserstrui echter na 120 jaar alsnog boven water gekomen. Dit onderzoek is tot stand gekomen in samenwerking met Stichting \u00e2ld Makkum. Midden september 2025 kreeg Jaap Hoeksema het impulsieve idee [&hellip;]\" \/>\n<meta property=\"og:url\" content=\"https:\/\/ynze-fashion.nl\/index.php\/de-makkumer-visserstrui\/\" \/>\n<meta property=\"og:site_name\" content=\"Ynze Fashion\" \/>\n<meta property=\"article:publisher\" content=\"https:\/\/www.facebook.com\/people\/Jaap-Hoeksema\/61585994489789\/\" \/>\n<meta property=\"article:modified_time\" content=\"2026-01-22T20:27:29+00:00\" \/>\n<meta property=\"og:image\" content=\"https:\/\/ynze-fashion.nl\/wp-content\/uploads\/2026\/01\/IMG-20260116-WA0009.jpg\" \/>\n\t<meta property=\"og:image:width\" content=\"1094\" \/>\n\t<meta property=\"og:image:height\" content=\"1600\" \/>\n\t<meta property=\"og:image:type\" content=\"image\/jpeg\" \/>\n<meta name=\"twitter:card\" content=\"summary_large_image\" \/>\n<meta name=\"twitter:label1\" content=\"Geschatte leestijd\" \/>\n\t<meta name=\"twitter:data1\" content=\"3 minuten\" \/>\n<script type=\"application\/ld+json\" class=\"yoast-schema-graph\">{\"@context\":\"https:\/\/schema.org\",\"@graph\":[{\"@type\":\"WebPage\",\"@id\":\"https:\/\/ynze-fashion.nl\/index.php\/de-makkumer-visserstrui\/\",\"url\":\"https:\/\/ynze-fashion.nl\/index.php\/de-makkumer-visserstrui\/\",\"name\":\"De Makkumer visserstrui - Ynze Fashion\",\"isPartOf\":{\"@id\":\"https:\/\/ynze-fashion.nl\/#website\"},\"primaryImageOfPage\":{\"@id\":\"https:\/\/ynze-fashion.nl\/index.php\/de-makkumer-visserstrui\/#primaryimage\"},\"image\":{\"@id\":\"https:\/\/ynze-fashion.nl\/index.php\/de-makkumer-visserstrui\/#primaryimage\"},\"thumbnailUrl\":\"http:\/\/localhost\/Ynze\/wp-content\/uploads\/2026\/01\/IMG-20260116-WA0009-700x1024.jpg\",\"datePublished\":\"2026-01-22T20:23:12+00:00\",\"dateModified\":\"2026-01-22T20:27:29+00:00\",\"breadcrumb\":{\"@id\":\"https:\/\/ynze-fashion.nl\/index.php\/de-makkumer-visserstrui\/#breadcrumb\"},\"inLanguage\":\"nl-NL\",\"potentialAction\":[{\"@type\":\"ReadAction\",\"target\":[\"https:\/\/ynze-fashion.nl\/index.php\/de-makkumer-visserstrui\/\"]}]},{\"@type\":\"ImageObject\",\"inLanguage\":\"nl-NL\",\"@id\":\"https:\/\/ynze-fashion.nl\/index.php\/de-makkumer-visserstrui\/#primaryimage\",\"url\":\"http:\/\/localhost\/Ynze\/wp-content\/uploads\/2026\/01\/IMG-20260116-WA0009-700x1024.jpg\",\"contentUrl\":\"http:\/\/localhost\/Ynze\/wp-content\/uploads\/2026\/01\/IMG-20260116-WA0009-700x1024.jpg\"},{\"@type\":\"BreadcrumbList\",\"@id\":\"https:\/\/ynze-fashion.nl\/index.php\/de-makkumer-visserstrui\/#breadcrumb\",\"itemListElement\":[{\"@type\":\"ListItem\",\"position\":1,\"name\":\"Home\",\"item\":\"https:\/\/ynze-fashion.nl\/\"},{\"@type\":\"ListItem\",\"position\":2,\"name\":\"De Makkumer visserstrui\"}]},{\"@type\":\"WebSite\",\"@id\":\"https:\/\/ynze-fashion.nl\/#website\",\"url\":\"https:\/\/ynze-fashion.nl\/\",\"name\":\"Ynze Fashion\",\"description\":\"\",\"publisher\":{\"@id\":\"https:\/\/ynze-fashion.nl\/#organization\"},\"potentialAction\":[{\"@type\":\"SearchAction\",\"target\":{\"@type\":\"EntryPoint\",\"urlTemplate\":\"https:\/\/ynze-fashion.nl\/?s={search_term_string}\"},\"query-input\":{\"@type\":\"PropertyValueSpecification\",\"valueRequired\":true,\"valueName\":\"search_term_string\"}}],\"inLanguage\":\"nl-NL\"},{\"@type\":\"Organization\",\"@id\":\"https:\/\/ynze-fashion.nl\/#organization\",\"name\":\"Ynze\",\"url\":\"https:\/\/ynze-fashion.nl\/\",\"logo\":{\"@type\":\"ImageObject\",\"inLanguage\":\"nl-NL\",\"@id\":\"https:\/\/ynze-fashion.nl\/#\/schema\/logo\/image\/\",\"url\":\"https:\/\/ynze-fashion.nl\/wp-content\/uploads\/2025\/11\/5bdecee7-dd0b-4b6b-a076-cccd06d9bf78_removalai_preview-e1763061554214.png\",\"contentUrl\":\"https:\/\/ynze-fashion.nl\/wp-content\/uploads\/2025\/11\/5bdecee7-dd0b-4b6b-a076-cccd06d9bf78_removalai_preview-e1763061554214.png\",\"width\":264,\"height\":268,\"caption\":\"Ynze\"},\"image\":{\"@id\":\"https:\/\/ynze-fashion.nl\/#\/schema\/logo\/image\/\"},\"sameAs\":[\"https:\/\/www.facebook.com\/people\/Jaap-Hoeksema\/61585994489789\/\",\"https:\/\/www.instagram.com\/ynze.fashion\/\"]}]}<\/script>\n<!-- \/ Yoast SEO plugin. -->","yoast_head_json":{"title":"De Makkumer visserstrui - Ynze Fashion","robots":{"index":"index","follow":"follow","max-snippet":"max-snippet:-1","max-image-preview":"max-image-preview:large","max-video-preview":"max-video-preview:-1"},"canonical":"https:\/\/ynze-fashion.nl\/index.php\/de-makkumer-visserstrui\/","og_locale":"nl_NL","og_type":"article","og_title":"De Makkumer visserstrui - Ynze Fashion","og_description":"De Makkumer visserstrui. De Makkumer visserstrui is een verhaal op zich. Lange tijd werd beweerd dat deze trui niet bestond. Na onderzoek is de Makkumer visserstrui echter na 120 jaar alsnog boven water gekomen. Dit onderzoek is tot stand gekomen in samenwerking met Stichting \u00e2ld Makkum. Midden september 2025 kreeg Jaap Hoeksema het impulsieve idee [&hellip;]","og_url":"https:\/\/ynze-fashion.nl\/index.php\/de-makkumer-visserstrui\/","og_site_name":"Ynze Fashion","article_publisher":"https:\/\/www.facebook.com\/people\/Jaap-Hoeksema\/61585994489789\/","article_modified_time":"2026-01-22T20:27:29+00:00","og_image":[{"width":1094,"height":1600,"url":"https:\/\/ynze-fashion.nl\/wp-content\/uploads\/2026\/01\/IMG-20260116-WA0009.jpg","type":"image\/jpeg"}],"twitter_card":"summary_large_image","twitter_misc":{"Geschatte leestijd":"3 minuten"},"schema":{"@context":"https:\/\/schema.org","@graph":[{"@type":"WebPage","@id":"https:\/\/ynze-fashion.nl\/index.php\/de-makkumer-visserstrui\/","url":"https:\/\/ynze-fashion.nl\/index.php\/de-makkumer-visserstrui\/","name":"De Makkumer visserstrui - Ynze Fashion","isPartOf":{"@id":"https:\/\/ynze-fashion.nl\/#website"},"primaryImageOfPage":{"@id":"https:\/\/ynze-fashion.nl\/index.php\/de-makkumer-visserstrui\/#primaryimage"},"image":{"@id":"https:\/\/ynze-fashion.nl\/index.php\/de-makkumer-visserstrui\/#primaryimage"},"thumbnailUrl":"http:\/\/localhost\/Ynze\/wp-content\/uploads\/2026\/01\/IMG-20260116-WA0009-700x1024.jpg","datePublished":"2026-01-22T20:23:12+00:00","dateModified":"2026-01-22T20:27:29+00:00","breadcrumb":{"@id":"https:\/\/ynze-fashion.nl\/index.php\/de-makkumer-visserstrui\/#breadcrumb"},"inLanguage":"nl-NL","potentialAction":[{"@type":"ReadAction","target":["https:\/\/ynze-fashion.nl\/index.php\/de-makkumer-visserstrui\/"]}]},{"@type":"ImageObject","inLanguage":"nl-NL","@id":"https:\/\/ynze-fashion.nl\/index.php\/de-makkumer-visserstrui\/#primaryimage","url":"http:\/\/localhost\/Ynze\/wp-content\/uploads\/2026\/01\/IMG-20260116-WA0009-700x1024.jpg","contentUrl":"http:\/\/localhost\/Ynze\/wp-content\/uploads\/2026\/01\/IMG-20260116-WA0009-700x1024.jpg"},{"@type":"BreadcrumbList","@id":"https:\/\/ynze-fashion.nl\/index.php\/de-makkumer-visserstrui\/#breadcrumb","itemListElement":[{"@type":"ListItem","position":1,"name":"Home","item":"https:\/\/ynze-fashion.nl\/"},{"@type":"ListItem","position":2,"name":"De Makkumer visserstrui"}]},{"@type":"WebSite","@id":"https:\/\/ynze-fashion.nl\/#website","url":"https:\/\/ynze-fashion.nl\/","name":"Ynze Fashion","description":"","publisher":{"@id":"https:\/\/ynze-fashion.nl\/#organization"},"potentialAction":[{"@type":"SearchAction","target":{"@type":"EntryPoint","urlTemplate":"https:\/\/ynze-fashion.nl\/?s={search_term_string}"},"query-input":{"@type":"PropertyValueSpecification","valueRequired":true,"valueName":"search_term_string"}}],"inLanguage":"nl-NL"},{"@type":"Organization","@id":"https:\/\/ynze-fashion.nl\/#organization","name":"Ynze","url":"https:\/\/ynze-fashion.nl\/","logo":{"@type":"ImageObject","inLanguage":"nl-NL","@id":"https:\/\/ynze-fashion.nl\/#\/schema\/logo\/image\/","url":"https:\/\/ynze-fashion.nl\/wp-content\/uploads\/2025\/11\/5bdecee7-dd0b-4b6b-a076-cccd06d9bf78_removalai_preview-e1763061554214.png","contentUrl":"https:\/\/ynze-fashion.nl\/wp-content\/uploads\/2025\/11\/5bdecee7-dd0b-4b6b-a076-cccd06d9bf78_removalai_preview-e1763061554214.png","width":264,"height":268,"caption":"Ynze"},"image":{"@id":"https:\/\/ynze-fashion.nl\/#\/schema\/logo\/image\/"},"sameAs":["https:\/\/www.facebook.com\/people\/Jaap-Hoeksema\/61585994489789\/","https:\/\/www.instagram.com\/ynze.fashion\/"]}]}},"jetpack_sharing_enabled":true,"_links":{"self":[{"href":"https:\/\/ynze-fashion.nl\/index.php\/wp-json\/wp\/v2\/pages\/254","targetHints":{"allow":["GET"]}}],"collection":[{"href":"https:\/\/ynze-fashion.nl\/index.php\/wp-json\/wp\/v2\/pages"}],"about":[{"href":"https:\/\/ynze-fashion.nl\/index.php\/wp-json\/wp\/v2\/types\/page"}],"author":[{"embeddable":true,"href":"https:\/\/ynze-fashion.nl\/index.php\/wp-json\/wp\/v2\/users\/1"}],"replies":[{"embeddable":true,"href":"https:\/\/ynze-fashion.nl\/index.php\/wp-json\/wp\/v2\/comments?post=254"}],"version-history":[{"count":5,"href":"https:\/\/ynze-fashion.nl\/index.php\/wp-json\/wp\/v2\/pages\/254\/revisions"}],"predecessor-version":[{"id":263,"href":"https:\/\/ynze-fashion.nl\/index.php\/wp-json\/wp\/v2\/pages\/254\/revisions\/263"}],"wp:attachment":[{"href":"https:\/\/ynze-fashion.nl\/index.php\/wp-json\/wp\/v2\/media?parent=254"}],"curies":[{"name":"wp","href":"https:\/\/api.w.org\/{rel}","templated":true}]}}